{"id":83,"date":"2022-08-11T11:51:28","date_gmt":"2022-08-11T11:51:28","guid":{"rendered":"https:\/\/www.xn--autoescuelapeacastillo-wec.com\/?page_id=83"},"modified":"2022-08-11T11:55:11","modified_gmt":"2022-08-11T11:55:11","slug":"quienes-somos","status":"publish","type":"page","link":"https:\/\/www.xn--autoescuelapeacastillo-wec.com\/?page_id=83","title":{"rendered":"\u00bfQUIENES SOMOS?"},"content":{"rendered":"\t\t<div data-elementor-type=\"wp-page\" data-elementor-id=\"83\" class=\"elementor elementor-83\">\n\t\t\t\t\t\t\t\t\t<section class=\"elementor-section elementor-top-section elementor-element elementor-element-6ed8f7e elementor-section-full_width elementor-section-height-min-height elementor-section-height-default elementor-section-items-middle\" data-id=\"6ed8f7e\" data-element_type=\"section\" data-settings=\"{&quot;background_background&quot;:&quot;classic&quot;}\">\n\t\t\t\t\t\t<div class=\"elementor-container elementor-column-gap-default\">\n\t\t\t\t\t<div class=\"elementor-column elementor-col-100 elementor-top-column elementor-element elementor-element-900892f\" data-id=\"900892f\" data-element_type=\"column\">\n\t\t\t<div class=\"elementor-widget-wrap\">\n\t\t\t\t\t\t\t\t\t<\/div>\n\t\t<\/div>\n\t\t\t\t\t\t\t<\/div>\n\t\t<\/section>\n\t\t\t\t<section class=\"elementor-section elementor-top-section elementor-element elementor-element-68145a8 elementor-section-boxed elementor-section-height-default elementor-section-height-default\" data-id=\"68145a8\" data-element_type=\"section\">\n\t\t\t\t\t\t<div class=\"elementor-container elementor-column-gap-default\">\n\t\t\t\t\t<div class=\"elementor-column elementor-col-100 elementor-top-column elementor-element elementor-element-ba1b769\" data-id=\"ba1b769\" data-element_type=\"column\">\n\t\t\t<div class=\"elementor-widget-wrap elementor-element-populated\">\n\t\t\t\t\t\t\t\t<div class=\"elementor-element elementor-element-7f76beb elementor-widget elementor-widget-text-editor\" data-id=\"7f76beb\" data-element_type=\"widget\" data-widget_type=\"text-editor.default\">\n\t\t\t\t<div class=\"elementor-widget-container\">\n\t\t\t<style>\/*! elementor - v3.6.5 - 27-04-2022 *\/\n.elementor-widget-text-editor.elementor-drop-cap-view-stacked .elementor-drop-cap{background-color:#818a91;color:#fff}.elementor-widget-text-editor.elementor-drop-cap-view-framed .elementor-drop-cap{color:#818a91;border:3px solid;background-color:transparent}.elementor-widget-text-editor:not(.elementor-drop-cap-view-default) .elementor-drop-cap{margin-top:8px}.elementor-widget-text-editor:not(.elementor-drop-cap-view-default) .elementor-drop-cap-letter{width:1em;height:1em}.elementor-widget-text-editor .elementor-drop-cap{float:left;text-align:center;line-height:1;font-size:50px}.elementor-widget-text-editor .elementor-drop-cap-letter{display:inline-block}<\/style>\t\t\t\t<div class=\"site-content\"><div class=\"bnt-container\"><div class=\"content content-page\"><main class=\"site-main\"><article id=\"post-62\" class=\"post-62 page type-page status-publish hentry no-thumb\"><div class=\"entry-content clear\"><h2><strong>Hola somos Gustavo y Luc\u00eda:<\/strong><\/h2><h5>Siempre hemos cre\u00eddo en la calidad de la ense\u00f1anza y la \u00e9tica como clave de nuestro \u00e9xito.<\/h5><h5 style=\"text-align: left;\">Somos unos aut\u00e9nticos enamorados de nuestra profesi\u00f3n y eso hace que la atenci\u00f3n a nuestros alumnos est\u00e9 en consonancia con nuestro prestigio.<\/h5><h5>Y para lograrlo, ponemos a tu disposici\u00f3n los mejores medios profesionales y materiales para que obtengas satisfactoriamente tu permiso de conducir.<\/h5><\/div><\/article><\/main><\/div><\/div><\/div>\t\t\t\t\t\t<\/div>\n\t\t\t\t<\/div>\n\t\t\t\t\t<\/div>\n\t\t<\/div>\n\t\t\t\t\t\t\t<\/div>\n\t\t<\/section>\n\t\t\t\t\t\t\t<\/div>\n\t\t","protected":false},"excerpt":{"rendered":"<p>Hola somos Gustavo y Luc\u00eda: Siempre hemos cre\u00eddo en la calidad de la ense\u00f1anza y la \u00e9tica como clave de nuestro \u00e9xito. Somos unos aut\u00e9nticos enamorados de nuestra profesi\u00f3n y eso hace que la atenci\u00f3n a nuestros alumnos est\u00e9 en consonancia con nuestro prestigio. Y para lograrlo, ponemos a tu disposici\u00f3n los mejores medios profesionales &hellip;<\/p>\n<p class=\"read-more\"> <a class=\"\" href=\"https:\/\/www.xn--autoescuelapeacastillo-wec.com\/?page_id=83\"> <span class=\"screen-reader-text\">\u00bfQUIENES SOMOS?<\/span> Leer m\u00e1s &raquo;<\/a><\/p>\n","protected":false},"author":1,"featured_media":0,"parent":0,"menu_order":0,"comment_status":"closed","ping_status":"closed","template":"","meta":{"site-sidebar-layout":"no-sidebar","site-content-layout":"page-builder","ast-global-header-display":"","ast-main-header-display":"","ast-hfb-above-header-display":"","ast-hfb-below-header-display":"","ast-hfb-mobile-header-display":"","site-post-title":"disabled","ast-breadcrumbs-content":"","ast-featured-img":"disabled","footer-sml-layout":"","theme-transparent-header-meta":"","adv-header-id-meta":"","stick-header-meta":"","header-above-stick-meta":"","header-main-stick-meta":"","header-below-stick-meta":"","footnotes":""},"_links":{"self":[{"href":"https:\/\/www.xn--autoescuelapeacastillo-wec.com\/index.php?rest_route=\/wp\/v2\/pages\/83"}],"collection":[{"href":"https:\/\/www.xn--autoescuelapeacastillo-wec.com\/index.php?rest_route=\/wp\/v2\/pages"}],"about":[{"href":"https:\/\/www.xn--autoescuelapeacastillo-wec.com\/index.php?rest_route=\/wp\/v2\/types\/page"}],"author":[{"embeddable":true,"href":"https:\/\/www.xn--autoescuelapeacastillo-wec.com\/index.php?rest_route=\/wp\/v2\/users\/1"}],"replies":[{"embeddable":true,"href":"https:\/\/www.xn--autoescuelapeacastillo-wec.com\/index.php?rest_route=%2Fwp%2Fv2%2Fcomments&post=83"}],"version-history":[{"count":4,"href":"https:\/\/www.xn--autoescuelapeacastillo-wec.com\/index.php?rest_route=\/wp\/v2\/pages\/83\/revisions"}],"predecessor-version":[{"id":88,"href":"https:\/\/www.xn--autoescuelapeacastillo-wec.com\/index.php?rest_route=\/wp\/v2\/pages\/83\/revisions\/88"}],"wp:attachment":[{"href":"https:\/\/www.xn--autoescuelapeacastillo-wec.com\/index.php?rest_route=%2Fwp%2Fv2%2Fmedia&parent=83"}],"curies":[{"name":"wp","href":"https:\/\/api.w.org\/{rel}","templated":true}]}}